{"id":2287,"date":"2021-10-28T09:48:47","date_gmt":"2021-10-28T09:48:47","guid":{"rendered":"https:\/\/haloiberia.com\/?page_id=2287"},"modified":"2022-04-25T09:48:05","modified_gmt":"2022-04-25T09:48:05","slug":"qui-sommes-nous","status":"publish","type":"page","link":"https:\/\/haloiberia.com\/fr\/qui-sommes-nous\/","title":{"rendered":"QUI SOMMES NOUS"},"content":{"rendered":"<p>[vc_row css_animation=\u00a0\u00bb\u00a0\u00bb row_type=\u00a0\u00bbrow\u00a0\u00bb use_row_as_full_screen_section=\u00a0\u00bbno\u00a0\u00bb type=\u00a0\u00bbfull_width\u00a0\u00bb angled_section=\u00a0\u00bbno\u00a0\u00bb text_align=\u00a0\u00bbleft\u00a0\u00bb background_image_as_pattern=\u00a0\u00bbwithout_pattern\u00a0\u00bb][vc_column offset=\u00a0\u00bbvc_hidden-md vc_hidden-sm vc_hidden-xs\u00a0\u00bb][vc_row_inner row_type=\u00a0\u00bbrow\u00a0\u00bb type=\u00a0\u00bbgrid\u00a0\u00bb text_align=\u00a0\u00bbleft\u00a0\u00bb css_animation=\u00a0\u00bb\u00a0\u00bb css=\u00a0\u00bb.vc_custom_1532688285737{padding-top: 3% !important;padding-bottom: 3% !important;}\u00a0\u00bb][vc_column_inner width=\u00a0\u00bb2\/3&Prime;][qode_elements_holder number_of_columns=\u00a0\u00bbone_column\u00a0\u00bb][qode_elements_holder_item item_padding=\u00a0\u00bb0px 0px 60px\u00a0\u00bb advanced_animations=\u00a0\u00bbno\u00a0\u00bb item_padding_600_768=\u00a0\u00bb0px\u00a0\u00bb][vc_single_image image=\u00a0\u00bb2167&Prime; img_size=\u00a0\u00bbfull\u00a0\u00bb qode_css_animation=\u00a0\u00bb\u00a0\u00bb][vc_empty_space height=\u00a0\u00bb20px\u00a0\u00bb][\/qode_elements_holder_item][\/qode_elements_holder][\/vc_column_inner][vc_column_inner width=\u00a0\u00bb1\/3&Prime;][qode_elements_holder number_of_columns=\u00a0\u00bbone_column\u00a0\u00bb][qode_elements_holder_item item_padding=\u00a0\u00bb10px 20px 5px 0&Prime; advanced_animations=\u00a0\u00bbno\u00a0\u00bb item_padding_768_1024=\u00a0\u00bb83px 0% 60px 0px\u00a0\u00bb item_padding_600_768=\u00a0\u00bb40px 25% 90px 0px\u00a0\u00bb item_padding_480_600=\u00a0\u00bb0px 0% 60px 0%\u00a0\u00bb item_padding_480=\u00a0\u00bb0px 0% 60px 0%\u00a0\u00bb][vc_empty_space height=\u00a0\u00bb42px\u00a0\u00bb][vc_single_image image=\u00a0\u00bb2007&Prime; img_size=\u00a0\u00bbfull\u00a0\u00bb qode_css_animation=\u00a0\u00bb\u00a0\u00bb][vc_empty_space height=\u00a0\u00bb42px\u00a0\u00bb][vc_column_text css=\u00a0\u00bb.vc_custom_1650880058223{padding-left: 30px !important;}\u00a0\u00bb]<strong>Des meubles pour la vie !<\/strong><\/p>\n<p>&nbsp;<\/p>\n<p><strong>Halo<\/strong> est n\u00e9 comme magasin d&rsquo;antiquit\u00e9s et, au fil des ann\u00e9es, a commenc\u00e9 \u00e0 fabriquer des meubles en utilisant exclusivement des anciennes techniques artisanales.<\/p>\n<p>&nbsp;<\/p>\n<p>Nos c\u00e9l\u00e8bres cuirs vintage sont utilis\u00e9s dans toutes les marques Halo, fabriqu\u00e9s exclusivement avec des cires claires et teints \u00e0 la main.[\/vc_column_text][\/qode_elements_holder_item][\/qode_elements_holder][\/vc_column_inner][\/vc_row_inner][\/vc_column][\/vc_row][vc_row css_animation=\u00a0\u00bb\u00a0\u00bb row_type=\u00a0\u00bbrow\u00a0\u00bb use_row_as_full_screen_section=\u00a0\u00bbno\u00a0\u00bb type=\u00a0\u00bbfull_width\u00a0\u00bb angled_section=\u00a0\u00bbno\u00a0\u00bb text_align=\u00a0\u00bbleft\u00a0\u00bb background_image_as_pattern=\u00a0\u00bbwithout_pattern\u00a0\u00bb][vc_column offset=\u00a0\u00bbvc_hidden-lg\u00a0\u00bb][vc_row_inner row_type=\u00a0\u00bbrow\u00a0\u00bb type=\u00a0\u00bbgrid\u00a0\u00bb text_align=\u00a0\u00bbleft\u00a0\u00bb css_animation=\u00a0\u00bb\u00a0\u00bb css=\u00a0\u00bb.vc_custom_1531900618223{padding-top: 5% !important;padding-bottom: 5% !important;}\u00a0\u00bb][vc_column_inner width=\u00a0\u00bb2\/3&Prime;][qode_elements_holder number_of_columns=\u00a0\u00bbone_column\u00a0\u00bb][qode_elements_holder_item item_padding=\u00a0\u00bb0px 0px 60px\u00a0\u00bb advanced_animations=\u00a0\u00bbno\u00a0\u00bb item_padding_600_768=\u00a0\u00bb0px\u00a0\u00bb][vc_single_image image=\u00a0\u00bb2167&Prime; img_size=\u00a0\u00bbfull\u00a0\u00bb qode_css_animation=\u00a0\u00bb\u00a0\u00bb][vc_empty_space height=\u00a0\u00bb20px\u00a0\u00bb][\/qode_elements_holder_item][\/qode_elements_holder][\/vc_column_inner][vc_column_inner width=\u00a0\u00bb1\/3&Prime;][qode_elements_holder number_of_columns=\u00a0\u00bbone_column\u00a0\u00bb][qode_elements_holder_item item_padding=\u00a0\u00bb60px 5px 60px 5px\u00a0\u00bb advanced_animations=\u00a0\u00bbno\u00a0\u00bb item_padding_768_1024=\u00a0\u00bb83px 0% 60px 0px\u00a0\u00bb item_padding_600_768=\u00a0\u00bb40px 25% 90px 0px\u00a0\u00bb item_padding_480_600=\u00a0\u00bb0px 0% 60px 0%\u00a0\u00bb item_padding_480=\u00a0\u00bb0px 0% 60px 0%\u00a0\u00bb][vc_column_text]<\/p>\n<h1>Halo Iberia<\/h1>\n<p>[\/vc_column_text][vc_empty_space height=\u00a0\u00bb42px\u00a0\u00bb][vc_column_text css=\u00a0\u00bb.vc_custom_1650880066874{padding-left: 30px !important;}\u00a0\u00bb]<strong>Des meubles pour la vie !<\/strong><\/p>\n<p>&nbsp;<\/p>\n<p><strong>Halo<\/strong> est n\u00e9 comme magasin d&rsquo;antiquit\u00e9s et, au fil des ann\u00e9es, a commenc\u00e9 \u00e0 fabriquer des meubles en utilisant exclusivement des anciennes techniques artisanales.<\/p>\n<p>&nbsp;<\/p>\n<p>Nos c\u00e9l\u00e8bres cuirs vintage sont utilis\u00e9s dans toutes les marques Halo, fabriqu\u00e9s exclusivement avec des cires claires et teints \u00e0 la main.[\/vc_column_text][\/qode_elements_holder_item][\/qode_elements_holder][\/vc_column_inner][\/vc_row_inner][\/vc_column][\/vc_row][vc_row css_animation=\u00a0\u00bb\u00a0\u00bb row_type=\u00a0\u00bbrow\u00a0\u00bb use_row_as_full_screen_section=\u00a0\u00bbno\u00a0\u00bb type=\u00a0\u00bbfull_width\u00a0\u00bb angled_section=\u00a0\u00bbno\u00a0\u00bb text_align=\u00a0\u00bbleft\u00a0\u00bb background_image_as_pattern=\u00a0\u00bbwithout_pattern\u00a0\u00bb z_index=\u00a0\u00bb\u00a0\u00bb][vc_column][qode_elements_holder number_of_columns=\u00a0\u00bbthree_columns\u00a0\u00bb][qode_elements_holder_item background_color=\u00a0\u00bb#444444&Prime; item_padding=\u00a0\u00bb0px 12% 0px 12%\u00a0\u00bb vertical_alignment=\u00a0\u00bbmiddle\u00a0\u00bb horizontal_alignment=\u00a0\u00bbcenter\u00a0\u00bb advanced_animations=\u00a0\u00bbno\u00a0\u00bb item_padding_1280_1440=\u00a0\u00bb15% 12% 15% 12%\u00a0\u00bb item_padding_1024_1280=\u00a0\u00bb15% 12% 15% 12%\u00a0\u00bb item_padding_768_1024=\u00a0\u00bb15% 12% 15% 12%\u00a0\u00bb item_padding_600_768=\u00a0\u00bb15% 12% 15% 12%\u00a0\u00bb item_padding_480_600=\u00a0\u00bb15% 12% 15% 12%\u00a0\u00bb item_padding_480=\u00a0\u00bb15% 12% 15% 12%\u00a0\u00bb][vc_single_image image=\u00a0\u00bb2007&Prime; img_size=\u00a0\u00bbfull\u00a0\u00bb alignment=\u00a0\u00bbcenter\u00a0\u00bb qode_css_animation=\u00a0\u00bb\u00a0\u00bb][vc_separator type=\u00a0\u00bbsmall\u00a0\u00bb position=\u00a0\u00bbcenter\u00a0\u00bb color=\u00a0\u00bb#c7a082&Prime; thickness=\u00a0\u00bb1&Prime; width=\u00a0\u00bb63&Prime; up=\u00a0\u00bb31&Prime; down=\u00a0\u00bb39&Prime;][vc_column_text]<\/p>\n<h5>Demandez-nous un devis ! Nous nous ferons un plaisir de vous r\u00e9pondre en 24\/48 heures<\/h5>\n<p>[\/vc_column_text][\/qode_elements_holder_item][qode_elements_holder_item background_image=\u00a0\u00bb1814&Prime; cover=\u00a0\u00bbyes\u00a0\u00bb item_padding=\u00a0\u00bb240px 0px\u00a0\u00bb advanced_animations=\u00a0\u00bbno\u00a0\u00bb][\/qode_elements_holder_item][qode_elements_holder_item background_image=\u00a0\u00bb1813&Prime; cover=\u00a0\u00bbyes\u00a0\u00bb item_padding=\u00a0\u00bb240px 0px\u00a0\u00bb advanced_animations=\u00a0\u00bbno\u00a0\u00bb][\/qode_elements_holder_item][\/qode_elements_holder][qode_elements_holder number_of_columns=\u00a0\u00bbthree_columns\u00a0\u00bb][qode_elements_holder_item background_image=\u00a0\u00bb1812&Prime; cover=\u00a0\u00bbyes\u00a0\u00bb item_padding=\u00a0\u00bb240px 0px\u00a0\u00bb advanced_animations=\u00a0\u00bbno\u00a0\u00bb][\/qode_elements_holder_item][qode_elements_holder_item background_image=\u00a0\u00bb1811&Prime; cover=\u00a0\u00bbyes\u00a0\u00bb item_padding=\u00a0\u00bb240px 0px\u00a0\u00bb advanced_animations=\u00a0\u00bbno\u00a0\u00bb][\/qode_elements_holder_item][qode_elements_holder_item background_image=\u00a0\u00bb1810&Prime; cover=\u00a0\u00bbyes\u00a0\u00bb item_padding=\u00a0\u00bb240px 0px\u00a0\u00bb advanced_animations=\u00a0\u00bbno\u00a0\u00bb][\/qode_elements_holder_item][\/qode_elements_holder][\/vc_column][\/vc_row]<\/p>\n","protected":false},"excerpt":{"rendered":"<p>[vc_row css_animation=\u00a0\u00bb\u00a0\u00bb row_type=\u00a0\u00bbrow\u00a0\u00bb use_row_as_full_screen_section=\u00a0\u00bbno\u00a0\u00bb type=\u00a0\u00bbfull_width\u00a0\u00bb angled_section=\u00a0\u00bbno\u00a0\u00bb text_align=\u00a0\u00bbleft\u00a0\u00bb background_image_as_pattern=\u00a0\u00bbwithout_pattern\u00a0\u00bb][vc_column offset=\u00a0\u00bbvc_hidden-md vc_hidden-sm vc_hidden-xs\u00a0\u00bb][vc_row_inner row_type=\u00a0\u00bbrow\u00a0\u00bb type=\u00a0\u00bbgrid\u00a0\u00bb text_align=\u00a0\u00bbleft\u00a0\u00bb css_animation=\u00a0\u00bb\u00a0\u00bb css=\u00a0\u00bb.vc_custom_1532688285737{padding-top: 3% !important;padding-bottom: 3% !important;}\u00a0\u00bb][vc_column_inner width=\u00a0\u00bb2\/3&Prime;][qode_elements_holder number_of_columns=\u00a0\u00bbone_column\u00a0\u00bb][qode_elements_holder_item item_padding=\u00a0\u00bb0px 0px 60px\u00a0\u00bb advanced_animations=\u00a0\u00bbno\u00a0\u00bb item_padding_600_768=\u00a0\u00bb0px\u00a0\u00bb][vc_single_image image=\u00a0\u00bb2167&Prime; img_size=\u00a0\u00bbfull\u00a0\u00bb qode_css_animation=\u00a0\u00bb\u00a0\u00bb][vc_empty_space height=\u00a0\u00bb20px\u00a0\u00bb][\/qode_elements_holder_item][\/qode_elements_holder][\/vc_column_inner][vc_column_inner width=\u00a0\u00bb1\/3&Prime;][qode_elements_holder number_of_columns=\u00a0\u00bbone_column\u00a0\u00bb][qode_elements_holder_item item_padding=\u00a0\u00bb10px 20px 5px 0&Prime; advanced_animations=\u00a0\u00bbno\u00a0\u00bb item_padding_768_1024=\u00a0\u00bb83px 0% 60px 0px\u00a0\u00bb item_padding_600_768=\u00a0\u00bb40px 25% 90px&#8230;<\/p>\n","protected":false},"author":1,"featured_media":0,"parent":0,"menu_order":0,"comment_status":"closed","ping_status":"closed","template":"full_width.php","meta":{"footnotes":""},"class_list":["post-2287","page","type-page","status-publish","hentry"],"yoast_head":"<!-- This site is optimized with the Yoast SEO plugin v25.6 - https:\/\/yoast.com\/wordpress\/plugins\/seo\/ -->\n<title>QUI SOMMES NOUS - Halo Iberia<\/title>\n<meta name=\"robots\" content=\"index, follow, max-snippet:-1, max-image-preview:large, max-video-preview:-1\" \/>\n<link rel=\"canonical\" href=\"https:\/\/haloiberia.com\/fr\/qui-sommes-nous\/\" \/>\n<meta property=\"og:locale\" content=\"fr_FR\" \/>\n<meta property=\"og:type\" content=\"article\" \/>\n<meta property=\"og:title\" content=\"QUI SOMMES NOUS - Halo Iberia\" \/>\n<meta property=\"og:description\" content=\"[vc_row css_animation=\u00a0\u00bb\u00a0\u00bb row_type=\u00a0\u00bbrow\u00a0\u00bb use_row_as_full_screen_section=\u00a0\u00bbno\u00a0\u00bb type=\u00a0\u00bbfull_width\u00a0\u00bb angled_section=\u00a0\u00bbno\u00a0\u00bb text_align=\u00a0\u00bbleft\u00a0\u00bb background_image_as_pattern=\u00a0\u00bbwithout_pattern\u00a0\u00bb][vc_column offset=\u00a0\u00bbvc_hidden-md vc_hidden-sm vc_hidden-xs\u00a0\u00bb][vc_row_inner row_type=\u00a0\u00bbrow\u00a0\u00bb type=\u00a0\u00bbgrid\u00a0\u00bb text_align=\u00a0\u00bbleft\u00a0\u00bb css_animation=\u00a0\u00bb\u00a0\u00bb css=\u00a0\u00bb.vc_custom_1532688285737{padding-top: 3% !important;padding-bottom: 3% !important;}\u00a0\u00bb][vc_column_inner width=\u00a0\u00bb2\/3&Prime;][qode_elements_holder number_of_columns=\u00a0\u00bbone_column\u00a0\u00bb][qode_elements_holder_item item_padding=\u00a0\u00bb0px 0px 60px\u00a0\u00bb advanced_animations=\u00a0\u00bbno\u00a0\u00bb item_padding_600_768=\u00a0\u00bb0px\u00a0\u00bb][vc_single_image image=\u00a0\u00bb2167&Prime; img_size=\u00a0\u00bbfull\u00a0\u00bb qode_css_animation=\u00a0\u00bb\u00a0\u00bb][vc_empty_space height=\u00a0\u00bb20px\u00a0\u00bb][\/qode_elements_holder_item][\/qode_elements_holder][\/vc_column_inner][vc_column_inner width=\u00a0\u00bb1\/3&Prime;][qode_elements_holder number_of_columns=\u00a0\u00bbone_column\u00a0\u00bb][qode_elements_holder_item item_padding=\u00a0\u00bb10px 20px 5px 0&Prime; advanced_animations=\u00a0\u00bbno\u00a0\u00bb item_padding_768_1024=\u00a0\u00bb83px 0% 60px 0px\u00a0\u00bb item_padding_600_768=\u00a0\u00bb40px 25% 90px...\" \/>\n<meta property=\"og:url\" content=\"https:\/\/haloiberia.com\/fr\/qui-sommes-nous\/\" \/>\n<meta property=\"og:site_name\" content=\"Halo Iberia\" \/>\n<meta property=\"article:modified_time\" content=\"2022-04-25T09:48:05+00:00\" \/>\n<meta name=\"twitter:card\" content=\"summary_large_image\" \/>\n<meta name=\"twitter:label1\" content=\"Dur\u00e9e de lecture estim\u00e9e\" \/>\n\t<meta name=\"twitter:data1\" content=\"2 minutes\" \/>\n<script type=\"application\/ld+json\" class=\"yoast-schema-graph\">{\"@context\":\"https:\/\/schema.org\",\"@graph\":[{\"@type\":\"WebPage\",\"@id\":\"https:\/\/haloiberia.com\/fr\/qui-sommes-nous\/\",\"url\":\"https:\/\/haloiberia.com\/fr\/qui-sommes-nous\/\",\"name\":\"QUI SOMMES NOUS - Halo Iberia\",\"isPartOf\":{\"@id\":\"https:\/\/haloiberia.com\/fr\/#website\"},\"datePublished\":\"2021-10-28T09:48:47+00:00\",\"dateModified\":\"2022-04-25T09:48:05+00:00\",\"breadcrumb\":{\"@id\":\"https:\/\/haloiberia.com\/fr\/qui-sommes-nous\/#breadcrumb\"},\"inLanguage\":\"fr-FR\",\"potentialAction\":[{\"@type\":\"ReadAction\",\"target\":[\"https:\/\/haloiberia.com\/fr\/qui-sommes-nous\/\"]}]},{\"@type\":\"BreadcrumbList\",\"@id\":\"https:\/\/haloiberia.com\/fr\/qui-sommes-nous\/#breadcrumb\",\"itemListElement\":[{\"@type\":\"ListItem\",\"position\":1,\"name\":\"Portada\",\"item\":\"https:\/\/haloiberia.com\/fr\/\"},{\"@type\":\"ListItem\",\"position\":2,\"name\":\"QUI SOMMES NOUS\"}]},{\"@type\":\"WebSite\",\"@id\":\"https:\/\/haloiberia.com\/fr\/#website\",\"url\":\"https:\/\/haloiberia.com\/fr\/\",\"name\":\"Halo Iberia\",\"description\":\"Dise\u00f1o e innovaci\u00f3n\",\"potentialAction\":[{\"@type\":\"SearchAction\",\"target\":{\"@type\":\"EntryPoint\",\"urlTemplate\":\"https:\/\/haloiberia.com\/fr\/?s={search_term_string}\"},\"query-input\":{\"@type\":\"PropertyValueSpecification\",\"valueRequired\":true,\"valueName\":\"search_term_string\"}}],\"inLanguage\":\"fr-FR\"}]}<\/script>\n<!-- \/ Yoast SEO plugin. -->","yoast_head_json":{"title":"QUI SOMMES NOUS - Halo Iberia","robots":{"index":"index","follow":"follow","max-snippet":"max-snippet:-1","max-image-preview":"max-image-preview:large","max-video-preview":"max-video-preview:-1"},"canonical":"https:\/\/haloiberia.com\/fr\/qui-sommes-nous\/","og_locale":"fr_FR","og_type":"article","og_title":"QUI SOMMES NOUS - Halo Iberia","og_description":"[vc_row css_animation=\u00a0\u00bb\u00a0\u00bb row_type=\u00a0\u00bbrow\u00a0\u00bb use_row_as_full_screen_section=\u00a0\u00bbno\u00a0\u00bb type=\u00a0\u00bbfull_width\u00a0\u00bb angled_section=\u00a0\u00bbno\u00a0\u00bb text_align=\u00a0\u00bbleft\u00a0\u00bb background_image_as_pattern=\u00a0\u00bbwithout_pattern\u00a0\u00bb][vc_column offset=\u00a0\u00bbvc_hidden-md vc_hidden-sm vc_hidden-xs\u00a0\u00bb][vc_row_inner row_type=\u00a0\u00bbrow\u00a0\u00bb type=\u00a0\u00bbgrid\u00a0\u00bb text_align=\u00a0\u00bbleft\u00a0\u00bb css_animation=\u00a0\u00bb\u00a0\u00bb css=\u00a0\u00bb.vc_custom_1532688285737{padding-top: 3% !important;padding-bottom: 3% !important;}\u00a0\u00bb][vc_column_inner width=\u00a0\u00bb2\/3&Prime;][qode_elements_holder number_of_columns=\u00a0\u00bbone_column\u00a0\u00bb][qode_elements_holder_item item_padding=\u00a0\u00bb0px 0px 60px\u00a0\u00bb advanced_animations=\u00a0\u00bbno\u00a0\u00bb item_padding_600_768=\u00a0\u00bb0px\u00a0\u00bb][vc_single_image image=\u00a0\u00bb2167&Prime; img_size=\u00a0\u00bbfull\u00a0\u00bb qode_css_animation=\u00a0\u00bb\u00a0\u00bb][vc_empty_space height=\u00a0\u00bb20px\u00a0\u00bb][\/qode_elements_holder_item][\/qode_elements_holder][\/vc_column_inner][vc_column_inner width=\u00a0\u00bb1\/3&Prime;][qode_elements_holder number_of_columns=\u00a0\u00bbone_column\u00a0\u00bb][qode_elements_holder_item item_padding=\u00a0\u00bb10px 20px 5px 0&Prime; advanced_animations=\u00a0\u00bbno\u00a0\u00bb item_padding_768_1024=\u00a0\u00bb83px 0% 60px 0px\u00a0\u00bb item_padding_600_768=\u00a0\u00bb40px 25% 90px...","og_url":"https:\/\/haloiberia.com\/fr\/qui-sommes-nous\/","og_site_name":"Halo Iberia","article_modified_time":"2022-04-25T09:48:05+00:00","twitter_card":"summary_large_image","twitter_misc":{"Dur\u00e9e de lecture estim\u00e9e":"2 minutes"},"schema":{"@context":"https:\/\/schema.org","@graph":[{"@type":"WebPage","@id":"https:\/\/haloiberia.com\/fr\/qui-sommes-nous\/","url":"https:\/\/haloiberia.com\/fr\/qui-sommes-nous\/","name":"QUI SOMMES NOUS - Halo Iberia","isPartOf":{"@id":"https:\/\/haloiberia.com\/fr\/#website"},"datePublished":"2021-10-28T09:48:47+00:00","dateModified":"2022-04-25T09:48:05+00:00","breadcrumb":{"@id":"https:\/\/haloiberia.com\/fr\/qui-sommes-nous\/#breadcrumb"},"inLanguage":"fr-FR","potentialAction":[{"@type":"ReadAction","target":["https:\/\/haloiberia.com\/fr\/qui-sommes-nous\/"]}]},{"@type":"BreadcrumbList","@id":"https:\/\/haloiberia.com\/fr\/qui-sommes-nous\/#breadcrumb","itemListElement":[{"@type":"ListItem","position":1,"name":"Portada","item":"https:\/\/haloiberia.com\/fr\/"},{"@type":"ListItem","position":2,"name":"QUI SOMMES NOUS"}]},{"@type":"WebSite","@id":"https:\/\/haloiberia.com\/fr\/#website","url":"https:\/\/haloiberia.com\/fr\/","name":"Halo Iberia","description":"Dise\u00f1o e innovaci\u00f3n","potentialAction":[{"@type":"SearchAction","target":{"@type":"EntryPoint","urlTemplate":"https:\/\/haloiberia.com\/fr\/?s={search_term_string}"},"query-input":{"@type":"PropertyValueSpecification","valueRequired":true,"valueName":"search_term_string"}}],"inLanguage":"fr-FR"}]}},"_links":{"self":[{"href":"https:\/\/haloiberia.com\/fr\/wp-json\/wp\/v2\/pages\/2287","targetHints":{"allow":["GET"]}}],"collection":[{"href":"https:\/\/haloiberia.com\/fr\/wp-json\/wp\/v2\/pages"}],"about":[{"href":"https:\/\/haloiberia.com\/fr\/wp-json\/wp\/v2\/types\/page"}],"author":[{"embeddable":true,"href":"https:\/\/haloiberia.com\/fr\/wp-json\/wp\/v2\/users\/1"}],"replies":[{"embeddable":true,"href":"https:\/\/haloiberia.com\/fr\/wp-json\/wp\/v2\/comments?post=2287"}],"version-history":[{"count":8,"href":"https:\/\/haloiberia.com\/fr\/wp-json\/wp\/v2\/pages\/2287\/revisions"}],"predecessor-version":[{"id":2397,"href":"https:\/\/haloiberia.com\/fr\/wp-json\/wp\/v2\/pages\/2287\/revisions\/2397"}],"wp:attachment":[{"href":"https:\/\/haloiberia.com\/fr\/wp-json\/wp\/v2\/media?parent=2287"}],"curies":[{"name":"wp","href":"https:\/\/api.w.org\/{rel}","templated":true}]}}